{"id":1972,"date":"2024-06-28T12:17:42","date_gmt":"2024-06-28T10:17:42","guid":{"rendered":"https:\/\/itziardomeneque.com\/contacto\/"},"modified":"2025-07-08T13:03:11","modified_gmt":"2025-07-08T11:03:11","slug":"contact","status":"publish","type":"page","link":"https:\/\/itziardomeneque.com\/en\/contact\/","title":{"rendered":"Contact"},"content":{"rendered":"<p><img decoding=\"async\" src=\"\/wp-content\/uploads\/2024\/10\/LOGOTIPO-ITZIAR-DOMENEC_def_Mesa-de-trabajo-1-copia-21.png\" alt=\"\"><\/p>\n<h1>\n<p>Contact<\/p>\n<\/h1>\n<div>\n<p dir=\"ltr\"><span>If you have visited my website and you are interested in getting to know me, that\u2019s fantastic! I would love to know more about you and enjoy a fabulous meeting together. You can contact me through this form, by <strong><a href=\"mailto:itziardomeneque2121@icloud.com\" target=\"_blank\" rel=\"noopener\">email<\/a><\/strong> , <strong><a href=\"tel:+34603214717\" target=\"_blank\" rel=\"noopener\">phone<\/a><\/strong> or <strong><a href=\"https:\/\/wa.me\/34603214717\" target=\"_blank\" rel=\"noopener\">WhatsApp<\/a>.<\/strong> When sending your request, please be sure to include the date, time, location and duration. A short personal introduction will be ideal to make a great first impression.<\/span><\/p>\n<p dir=\"ltr\"><span>Thank you,<\/span><\/p>\n<\/div>\n<div>\n\n<div class=\"wpcf7 no-js\" id=\"wpcf7-f1976-o1\" lang=\"es-ES\" dir=\"ltr\" data-wpcf7-id=\"1976\">\n<div class=\"screen-reader-response\"><p role=\"status\" aria-live=\"polite\" aria-atomic=\"true\"><\/p> <ul><\/ul><\/div>\n<form action=\"\/en\/wp-json\/wp\/v2\/pages\/1972#wpcf7-f1976-o1\" method=\"post\" class=\"wpcf7-form init\" aria-label=\"Formulario de contacto\" novalidate=\"novalidate\" data-status=\"init\">\n<fieldset class=\"hidden-fields-container\"><input type=\"hidden\" name=\"_wpcf7\" value=\"1976\" \/><input type=\"hidden\" name=\"_wpcf7_version\" value=\"6.1.5\" \/><input type=\"hidden\" name=\"_wpcf7_locale\" value=\"es_ES\" \/><input type=\"hidden\" name=\"_wpcf7_unit_tag\" value=\"wpcf7-f1976-o1\" \/><input type=\"hidden\" name=\"_wpcf7_container_post\" value=\"0\" \/><input type=\"hidden\" name=\"_wpcf7_posted_data_hash\" value=\"\" \/><input type=\"hidden\" name=\"_wpcf7_recaptcha_response\" value=\"\" \/>\n<\/fieldset>\n<div class=\"form-row\">\n\t<div class=\"column-half\">\n\t\t<p><label> Name * <span class=\"wpcf7-form-control-wrap\" data-name=\"your-name\"><input size=\"40\" maxlength=\"400\" class=\"wpcf7-form-control wpcf7-text wpcf7-validates-as-required\" aria-required=\"true\" aria-invalid=\"false\" value=\"\" type=\"text\" name=\"your-name\" \/><\/span> <\/label>\n\t\t<\/p>\n\t<\/div>\n\t<div class=\"form-row\">\n\t\t<div class=\"column-half\">\n\t\t\t<p><label> Surname *<span class=\"wpcf7-form-control-wrap\" data-name=\"your-apellidos\"><input size=\"40\" maxlength=\"400\" class=\"wpcf7-form-control wpcf7-text wpcf7-validates-as-required\" aria-required=\"true\" aria-invalid=\"false\" value=\"\" type=\"text\" name=\"your-apellidos\" \/><\/span> <\/label>\n\t\t\t<\/p>\n\t\t<\/div>\n\t\t<div class=\"form-row\">\n\t\t\t<div class=\"column-half\">\n\t\t\t\t<p><label> Email *<span class=\"wpcf7-form-control-wrap\" data-name=\"your-email\"><input size=\"40\" maxlength=\"400\" class=\"wpcf7-form-control wpcf7-email wpcf7-validates-as-required wpcf7-text wpcf7-validates-as-email\" aria-required=\"true\" aria-invalid=\"false\" value=\"\" type=\"email\" name=\"your-email\" \/><\/span> <\/label>\n\t\t\t\t<\/p>\n\t\t\t<\/div>\n\t\t\t<div class=\"form-row\">\n\t\t\t\t<div class=\"column-half\">\n\t\t\t\t\t<p><label> Phone *<span class=\"wpcf7-form-control-wrap\" data-name=\"your-phone\"><input size=\"40\" maxlength=\"400\" class=\"wpcf7-form-control wpcf7-text wpcf7-validates-as-required\" aria-required=\"true\" aria-invalid=\"false\" value=\"\" type=\"text\" name=\"your-phone\" \/><\/span> <\/label>\n\t\t\t\t\t<\/p>\n\t\t\t\t<\/div>\n\t\t\t\t<div class=\"form-row\">\n\t\t\t\t\t<div class=\"column-full\">\n\t\t\t\t\t\t<p><label> Your message<small><em><br \/>\n<b>(Tell me something about you. Please, do not forget to include date\u2019s details, preferences, date, hour, location\u2026 All information will be totally confidential.)<\/b><\/em><\/small><br \/>\n<span class=\"wpcf7-form-control-wrap\" data-name=\"your-message\"><textarea cols=\"40\" rows=\"10\" maxlength=\"2000\" class=\"wpcf7-form-control wpcf7-textarea\" aria-invalid=\"false\" name=\"your-message\"><\/textarea><\/span> <\/label>\n\t\t\t\t\t\t<\/p>\n\t\t\t\t\t<\/div>\n\t\t\t\t\t<p><span class=\"form-terms-text\"><br \/>\n<span class=\"wpcf7-form-control-wrap\" data-name=\"accept-this\"><span class=\"wpcf7-form-control wpcf7-acceptance\"><span class=\"wpcf7-list-item\"><label><input type=\"checkbox\" name=\"accept-this\" value=\"1\" aria-invalid=\"false\" \/><span class=\"wpcf7-list-item-label\">I have read the Privacy Policy and accept the terms and conditions.<\/span><\/label><\/span><\/span><\/span><br \/>\n<\/span><br \/>\n<input class=\"wpcf7-form-control wpcf7-submit has-spinner\" type=\"submit\" value=\"Submit\" \/>\n\t\t\t\t\t<\/p>\n\t\t\t\t<\/div>\n\t\t\t<\/div>\n\t\t<\/div>\n\t<\/div>\n<\/div><div class=\"wpcf7-response-output\" aria-hidden=\"true\"><\/div>\n<\/form>\n<\/div>\n\n<\/div>\n<p><!--more--><br \/>\n<!-- {\"type\":\"layout\",\"children\":[{\"type\":\"section\",\"props\":{\"image\":\"wp-content\\\/uploads\\\/2024\\\/11\\\/image00002_opt.jpg\",\"image_effect\":\"fixed\",\"image_position\":\"center-center\",\"image_size\":\"cover\",\"media_overlay\":\"rgba(255, 255, 255, 0.81)\",\"style\":\"default\",\"title_breakpoint\":\"xl\",\"title_position\":\"top-left\",\"title_rotation\":\"left\",\"vertical_align\":\"middle\",\"width\":\"default\"},\"children\":[{\"type\":\"row\",\"props\":{\"width\":\"small\"},\"children\":[{\"type\":\"column\",\"props\":{\"image_position\":\"center-center\",\"position_sticky_breakpoint\":\"m\"},\"children\":[{\"type\":\"image\",\"props\":{\"block_align\":\"center\",\"image\":\"wp-content\\\/uploads\\\/2024\\\/10\\\/LOGOTIPO-ITZIAR-DOMENEC_def_Mesa-de-trabajo-1-copia-21.png\",\"image_svg_color\":\"emphasis\",\"margin\":\"default\",\"margin_remove_bottom\":true,\"maxwidth\":\"large\",\"text_align\":\"center\"}},{\"type\":\"headline\",\"props\":{\"content\":\"\n\n<p>Contact<\\\/p>\",\"margin\":\"default\",\"margin_remove_bottom\":true,\"margin_remove_top\":true,\"text_align\":\"center\",\"title_color\":\"primary\",\"title_element\":\"h1\",\"title_style\":\"text-small\"}},{\"type\":\"text\",\"props\":{\"column_breakpoint\":\"m\",\"content\":\"\n\n<p dir=\\\"ltr\\\"><span>If you have visited my website and you are interested in getting to know me, that\\u2019s fantastic! I would love to know more about you and enjoy a fabulous meeting together. You can contact me through this form, by <strong><a href=\\\"mailto:itziardomeneque2121@icloud.com\\\" target=\\\"_blank\\\" rel=\\\"noopener\\\">email<\\\/a><\\\/strong> , <strong><a href=\\\"tel:+34603214717\\\" target=\\\"_blank\\\" rel=\\\"noopener\\\">phone<\\\/a><\\\/strong> or <strong><a href=\\\"https:\\\/\\\/wa.me\\\/34603214717\\\" target=\\\"_blank\\\" rel=\\\"noopener\\\">WhatsApp<\\\/a>.<\\\/strong> When sending your request, please be sure to include the date, time, location and duration. A short personal introduction will be ideal to make a great first impression.<\\\/span><\\\/p>\\n\n\n<p dir=\\\"ltr\\\"><span>Thank you,<\\\/span><\\\/p>\",\"margin\":\"remove-vertical\",\"margin_remove_bottom\":true,\"margin_remove_top\":true}}]}]},{\"type\":\"row\",\"props\":{\"width\":\"small\"},\"children\":[{\"type\":\"column\",\"props\":{\"image_position\":\"center-center\",\"position_sticky_breakpoint\":\"m\"},\"children\":[{\"type\":\"text\",\"props\":{\"column_breakpoint\":\"m\",\"content\":\"\n\n<p>[contact-form-7 id=\\\"20cc829\\\" title=\\\"Formulario de contacto 1_EN\\\"]<\\\/p>\",\"margin\":\"default\",\"margin_remove_top\":true}}]}]}]}],\"version\":\"4.5.21\"} --><\/p>\n","protected":false},"excerpt":{"rendered":"<p>Contact If you have visited my website and you are interested in getting to know me, that\u2019s fantastic! I would love to know more about you and enjoy a fabulous meeting together. You can contact me through this form, by email , phone or WhatsApp. When sending your request, please be sure to include the [&hellip;]<\/p>\n","protected":false},"author":2,"featured_media":0,"parent":0,"menu_order":0,"comment_status":"closed","ping_status":"closed","template":"","meta":{"footnotes":""},"class_list":["post-1972","page","type-page","status-publish","hentry"],"yoast_head":"<!-- This site is optimized with the Yoast SEO plugin v27.3 - https:\/\/yoast.com\/product\/yoast-seo-wordpress\/ -->\n<title>Contact - Itziar Domeneque<\/title>\n<meta name=\"description\" content=\"Si has visitado mi web y te interesa conocerme, \u00a1es fant\u00e1stico! Me encantar\u00eda saber m\u00e1s de ti y disfrutar de un fabuloso encuentro.\" \/>\n<meta name=\"robots\" content=\"index, follow, max-snippet:-1, max-image-preview:large, max-video-preview:-1\" \/>\n<link rel=\"canonical\" href=\"https:\/\/itziardomeneque.com\/en\/contact\/\" \/>\n<meta property=\"og:locale\" content=\"en_US\" \/>\n<meta property=\"og:type\" content=\"article\" \/>\n<meta property=\"og:title\" content=\"Contact - Itziar Domeneque\" \/>\n<meta property=\"og:description\" content=\"Si has visitado mi web y te interesa conocerme, \u00a1es fant\u00e1stico! Me encantar\u00eda saber m\u00e1s de ti y disfrutar de un fabuloso encuentro.\" \/>\n<meta property=\"og:url\" content=\"https:\/\/itziardomeneque.com\/en\/contact\/\" \/>\n<meta property=\"og:site_name\" content=\"Itziar Domeneque\" \/>\n<meta property=\"article:modified_time\" content=\"2025-07-08T11:03:11+00:00\" \/>\n<meta name=\"twitter:card\" content=\"summary_large_image\" \/>\n<meta name=\"twitter:site\" content=\"@itziardomeneque\" \/>\n<meta name=\"twitter:label1\" content=\"Est. reading time\" \/>\n\t<meta name=\"twitter:data1\" content=\"1 minute\" \/>\n<script type=\"application\/ld+json\" class=\"yoast-schema-graph\">{\"@context\":\"https:\\\/\\\/schema.org\",\"@graph\":[{\"@type\":\"WebPage\",\"@id\":\"https:\\\/\\\/itziardomeneque.com\\\/en\\\/contact\\\/\",\"url\":\"https:\\\/\\\/itziardomeneque.com\\\/en\\\/contact\\\/\",\"name\":\"Contact - Itziar Domeneque\",\"isPartOf\":{\"@id\":\"https:\\\/\\\/itziardomeneque.com\\\/#website\"},\"datePublished\":\"2024-06-28T10:17:42+00:00\",\"dateModified\":\"2025-07-08T11:03:11+00:00\",\"description\":\"Si has visitado mi web y te interesa conocerme, \u00a1es fant\u00e1stico! Me encantar\u00eda saber m\u00e1s de ti y disfrutar de un fabuloso encuentro.\",\"breadcrumb\":{\"@id\":\"https:\\\/\\\/itziardomeneque.com\\\/en\\\/contact\\\/#breadcrumb\"},\"inLanguage\":\"en-US\",\"potentialAction\":[{\"@type\":\"ReadAction\",\"target\":[\"https:\\\/\\\/itziardomeneque.com\\\/en\\\/contact\\\/\"]}]},{\"@type\":\"BreadcrumbList\",\"@id\":\"https:\\\/\\\/itziardomeneque.com\\\/en\\\/contact\\\/#breadcrumb\",\"itemListElement\":[{\"@type\":\"ListItem\",\"position\":1,\"name\":\"Portada\",\"item\":\"https:\\\/\\\/itziardomeneque.com\\\/en\\\/\"},{\"@type\":\"ListItem\",\"position\":2,\"name\":\"Contact\"}]},{\"@type\":\"WebSite\",\"@id\":\"https:\\\/\\\/itziardomeneque.com\\\/#website\",\"url\":\"https:\\\/\\\/itziardomeneque.com\\\/\",\"name\":\"Itziar Domeneque\",\"description\":\"Acompa\u00f1amientos y Girfriend Experience\",\"publisher\":{\"@id\":\"https:\\\/\\\/itziardomeneque.com\\\/#organization\"},\"potentialAction\":[{\"@type\":\"SearchAction\",\"target\":{\"@type\":\"EntryPoint\",\"urlTemplate\":\"https:\\\/\\\/itziardomeneque.com\\\/?s={search_term_string}\"},\"query-input\":{\"@type\":\"PropertyValueSpecification\",\"valueRequired\":true,\"valueName\":\"search_term_string\"}}],\"inLanguage\":\"en-US\"},{\"@type\":\"Organization\",\"@id\":\"https:\\\/\\\/itziardomeneque.com\\\/#organization\",\"name\":\"Itziar Domeneque\",\"url\":\"https:\\\/\\\/itziardomeneque.com\\\/\",\"logo\":{\"@type\":\"ImageObject\",\"inLanguage\":\"en-US\",\"@id\":\"https:\\\/\\\/itziardomeneque.com\\\/#\\\/schema\\\/logo\\\/image\\\/\",\"url\":\"https:\\\/\\\/itziardomeneque.com\\\/wp-content\\\/uploads\\\/2024\\\/06\\\/LOGOTIPO-ITZIAR-DOMENEC_def_Mesa-de-trabajo-1-copia-18.png\",\"contentUrl\":\"https:\\\/\\\/itziardomeneque.com\\\/wp-content\\\/uploads\\\/2024\\\/06\\\/LOGOTIPO-ITZIAR-DOMENEC_def_Mesa-de-trabajo-1-copia-18.png\",\"width\":1563,\"height\":613,\"caption\":\"Itziar Domeneque\"},\"image\":{\"@id\":\"https:\\\/\\\/itziardomeneque.com\\\/#\\\/schema\\\/logo\\\/image\\\/\"},\"sameAs\":[\"https:\\\/\\\/x.com\\\/itziardomeneque\"]}]}<\/script>\n<!-- \/ Yoast SEO plugin. -->","yoast_head_json":{"title":"Contact - Itziar Domeneque","description":"Si has visitado mi web y te interesa conocerme, \u00a1es fant\u00e1stico! Me encantar\u00eda saber m\u00e1s de ti y disfrutar de un fabuloso encuentro.","robots":{"index":"index","follow":"follow","max-snippet":"max-snippet:-1","max-image-preview":"max-image-preview:large","max-video-preview":"max-video-preview:-1"},"canonical":"https:\/\/itziardomeneque.com\/en\/contact\/","og_locale":"en_US","og_type":"article","og_title":"Contact - Itziar Domeneque","og_description":"Si has visitado mi web y te interesa conocerme, \u00a1es fant\u00e1stico! Me encantar\u00eda saber m\u00e1s de ti y disfrutar de un fabuloso encuentro.","og_url":"https:\/\/itziardomeneque.com\/en\/contact\/","og_site_name":"Itziar Domeneque","article_modified_time":"2025-07-08T11:03:11+00:00","twitter_card":"summary_large_image","twitter_site":"@itziardomeneque","twitter_misc":{"Est. reading time":"1 minute"},"schema":{"@context":"https:\/\/schema.org","@graph":[{"@type":"WebPage","@id":"https:\/\/itziardomeneque.com\/en\/contact\/","url":"https:\/\/itziardomeneque.com\/en\/contact\/","name":"Contact - Itziar Domeneque","isPartOf":{"@id":"https:\/\/itziardomeneque.com\/#website"},"datePublished":"2024-06-28T10:17:42+00:00","dateModified":"2025-07-08T11:03:11+00:00","description":"Si has visitado mi web y te interesa conocerme, \u00a1es fant\u00e1stico! Me encantar\u00eda saber m\u00e1s de ti y disfrutar de un fabuloso encuentro.","breadcrumb":{"@id":"https:\/\/itziardomeneque.com\/en\/contact\/#breadcrumb"},"inLanguage":"en-US","potentialAction":[{"@type":"ReadAction","target":["https:\/\/itziardomeneque.com\/en\/contact\/"]}]},{"@type":"BreadcrumbList","@id":"https:\/\/itziardomeneque.com\/en\/contact\/#breadcrumb","itemListElement":[{"@type":"ListItem","position":1,"name":"Portada","item":"https:\/\/itziardomeneque.com\/en\/"},{"@type":"ListItem","position":2,"name":"Contact"}]},{"@type":"WebSite","@id":"https:\/\/itziardomeneque.com\/#website","url":"https:\/\/itziardomeneque.com\/","name":"Itziar Domeneque","description":"Acompa\u00f1amientos y Girfriend Experience","publisher":{"@id":"https:\/\/itziardomeneque.com\/#organization"},"potentialAction":[{"@type":"SearchAction","target":{"@type":"EntryPoint","urlTemplate":"https:\/\/itziardomeneque.com\/?s={search_term_string}"},"query-input":{"@type":"PropertyValueSpecification","valueRequired":true,"valueName":"search_term_string"}}],"inLanguage":"en-US"},{"@type":"Organization","@id":"https:\/\/itziardomeneque.com\/#organization","name":"Itziar Domeneque","url":"https:\/\/itziardomeneque.com\/","logo":{"@type":"ImageObject","inLanguage":"en-US","@id":"https:\/\/itziardomeneque.com\/#\/schema\/logo\/image\/","url":"https:\/\/itziardomeneque.com\/wp-content\/uploads\/2024\/06\/LOGOTIPO-ITZIAR-DOMENEC_def_Mesa-de-trabajo-1-copia-18.png","contentUrl":"https:\/\/itziardomeneque.com\/wp-content\/uploads\/2024\/06\/LOGOTIPO-ITZIAR-DOMENEC_def_Mesa-de-trabajo-1-copia-18.png","width":1563,"height":613,"caption":"Itziar Domeneque"},"image":{"@id":"https:\/\/itziardomeneque.com\/#\/schema\/logo\/image\/"},"sameAs":["https:\/\/x.com\/itziardomeneque"]}]}},"_links":{"self":[{"href":"https:\/\/itziardomeneque.com\/en\/wp-json\/wp\/v2\/pages\/1972","targetHints":{"allow":["GET"]}}],"collection":[{"href":"https:\/\/itziardomeneque.com\/en\/wp-json\/wp\/v2\/pages"}],"about":[{"href":"https:\/\/itziardomeneque.com\/en\/wp-json\/wp\/v2\/types\/page"}],"author":[{"embeddable":true,"href":"https:\/\/itziardomeneque.com\/en\/wp-json\/wp\/v2\/users\/2"}],"replies":[{"embeddable":true,"href":"https:\/\/itziardomeneque.com\/en\/wp-json\/wp\/v2\/comments?post=1972"}],"version-history":[{"count":4,"href":"https:\/\/itziardomeneque.com\/en\/wp-json\/wp\/v2\/pages\/1972\/revisions"}],"predecessor-version":[{"id":1977,"href":"https:\/\/itziardomeneque.com\/en\/wp-json\/wp\/v2\/pages\/1972\/revisions\/1977"}],"wp:attachment":[{"href":"https:\/\/itziardomeneque.com\/en\/wp-json\/wp\/v2\/media?parent=1972"}],"curies":[{"name":"wp","href":"https:\/\/api.w.org\/{rel}","templated":true}]}}